{"id":1934,"date":"2016-03-28T12:10:30","date_gmt":"2016-03-28T10:10:30","guid":{"rendered":"http:\/\/www.betedugevaudan.com\/blog\/?page_id=1934"},"modified":"2026-05-12T14:34:38","modified_gmt":"2026-05-12T13:34:38","slug":"articles-recents","status":"publish","type":"page","link":"https:\/\/www.betedugevaudan.com\/blog\/articles-recents\/","title":{"rendered":"Articles r\u00e9cents"},"content":{"rendered":"<pre><code><span style=\"color: #000000; font-size: 12pt;\"><em>Cliquez sur l'ent\u00eate pour revenir ici apr\u00e8s lecture de l'article.\r\n<\/em><\/span>\r\n<ul class=\"lcp_catlist\" id=\"lcp_instance_0\"><li><a href=\"https:\/\/www.betedugevaudan.com\/blog\/2026\/04\/23\/lou-pais-467\/\">Lou Pais 467<\/a><\/li><li><a href=\"https:\/\/www.betedugevaudan.com\/blog\/2026\/01\/09\/gazette-de-la-bete-2025-avec-un-ptit-retard\/\">Gazette de la B\u00eate 2025 (avec un p&rsquo;tit retard)<\/a><\/li><li><a href=\"https:\/\/www.betedugevaudan.com\/blog\/2025\/12\/31\/bonne-annee-2026\/\">Bonne Ann\u00e9e 2026<\/a><\/li><li><a href=\"https:\/\/www.betedugevaudan.com\/blog\/2025\/12\/24\/joyeux-noel-9\/\">Joyeux No\u00ebl !<\/a><\/li><li><a href=\"https:\/\/www.betedugevaudan.com\/blog\/2025\/12\/24\/lou-pais-466-larmanac-de-louzero\/\">Lou Pa\u00efs 466 + l&rsquo;armanac de Louzero<\/a><\/li><li><a href=\"https:\/\/www.betedugevaudan.com\/blog\/2025\/10\/26\/les-cevennes-de-la-bete-du-gevaudan\/\">Les C\u00e9vennes de la B\u00eate du G\u00e9vaudan<\/a><\/li><li><a href=\"https:\/\/www.betedugevaudan.com\/blog\/2025\/08\/23\/2883\/\">Les ombres du G\u00e9vaudan<\/a><\/li><li><a href=\"https:\/\/www.betedugevaudan.com\/blog\/2025\/07\/03\/lou-pais-465\/\">Lou Pa\u00efs 465<\/a><\/li><li><a href=\"https:\/\/www.betedugevaudan.com\/blog\/2025\/04\/11\/plaquette-la-bete-du-gevaudan\/\">Plaquette la B\u00eate du G\u00e9vaudan<\/a><\/li><li><a href=\"https:\/\/www.betedugevaudan.com\/blog\/2025\/04\/11\/lou-pais-464\/\">Lou Pa\u00efs 464<\/a><\/li><li><a href=\"https:\/\/www.betedugevaudan.com\/blog\/2025\/01\/18\/video-bete-du-gevaudan\/\">Vid\u00e9o B\u00eate du G\u00e9vaudan<\/a><\/li><li><a href=\"https:\/\/www.betedugevaudan.com\/blog\/2025\/01\/01\/bonne-annee-2025\/\">Bonne Ann\u00e9e 2025<\/a><\/li><li><a href=\"https:\/\/www.betedugevaudan.com\/blog\/2024\/12\/24\/joyeux-noel-8\/\">Joyeux No\u00ebl !!<\/a><\/li><li><a href=\"https:\/\/www.betedugevaudan.com\/blog\/2024\/12\/23\/la-gazette-de-la-bestia-cuvee-2024\/\">La Gazette de la Bestia Cuv\u00e9e 2024<\/a><\/li><li><a href=\"https:\/\/www.betedugevaudan.com\/blog\/2024\/10\/21\/une-page-et-de-belles-photos\/\">Une page et de belles photos<\/a><\/li><li><a href=\"https:\/\/www.betedugevaudan.com\/blog\/2024\/10\/10\/lou-pais-462\/\">Lou Pa\u00efs 462<\/a><\/li><li><a href=\"https:\/\/www.betedugevaudan.com\/blog\/2024\/08\/19\/journees-de-la-bete-2\/\">Journ\u00e9es de la B\u00eate<\/a><\/li><li><a href=\"https:\/\/www.betedugevaudan.com\/blog\/2024\/08\/15\/la-bete-du-gevaudan-naurait-eu-que-deux-pattes\/\">La B\u00eate du G\u00e9vaudan n&rsquo;aurait eu que deux pattes<\/a><\/li><li><a href=\"https:\/\/www.betedugevaudan.com\/blog\/2024\/07\/12\/timbre-bete-du-gevaudan-2\/\">Timbre B\u00eate du G\u00e9vaudan<\/a><\/li><li><a href=\"https:\/\/www.betedugevaudan.com\/blog\/2024\/07\/03\/lou-pais-461\/\">Lou Pa\u00efs 461<\/a><\/li><\/ul><\/code><\/pre>\n","protected":false},"excerpt":{"rendered":"<p>Cliquez sur l&rsquo;ent\u00eate pour revenir ici apr\u00e8s lecture de l&rsquo;article.<\/p>\n","protected":false},"author":3,"featured_media":0,"parent":0,"menu_order":0,"comment_status":"closed","ping_status":"closed","template":"","meta":{"footnotes":""},"class_list":["post-1934","page","type-page","status-publish","hentry"],"_links":{"self":[{"href":"https:\/\/www.betedugevaudan.com\/blog\/wp-json\/wp\/v2\/pages\/1934","targetHints":{"allow":["GET"]}}],"collection":[{"href":"https:\/\/www.betedugevaudan.com\/blog\/wp-json\/wp\/v2\/pages"}],"about":[{"href":"https:\/\/www.betedugevaudan.com\/blog\/wp-json\/wp\/v2\/types\/page"}],"author":[{"embeddable":true,"href":"https:\/\/www.betedugevaudan.com\/blog\/wp-json\/wp\/v2\/users\/3"}],"replies":[{"embeddable":true,"href":"https:\/\/www.betedugevaudan.com\/blog\/wp-json\/wp\/v2\/comments?post=1934"}],"version-history":[{"count":6,"href":"https:\/\/www.betedugevaudan.com\/blog\/wp-json\/wp\/v2\/pages\/1934\/revisions"}],"predecessor-version":[{"id":2976,"href":"https:\/\/www.betedugevaudan.com\/blog\/wp-json\/wp\/v2\/pages\/1934\/revisions\/2976"}],"wp:attachment":[{"href":"https:\/\/www.betedugevaudan.com\/blog\/wp-json\/wp\/v2\/media?parent=1934"}],"curies":[{"name":"wp","href":"https:\/\/api.w.org\/{rel}","templated":true}]}}