{"id":128,"date":"2010-06-18T11:00:44","date_gmt":"2010-06-18T10:00:44","guid":{"rendered":"http:\/\/www.betedugevaudan.com\/blog\/"},"modified":"2010-06-18T11:00:44","modified_gmt":"2010-06-18T10:00:44","slug":"a-propos-2","status":"publish","type":"page","link":"https:\/\/www.betedugevaudan.com\/blog\/a-propos-2\/","title":{"rendered":"A propos"},"content":{"rendered":"<p><strong>Ce site n&rsquo;a aucune pr\u00e9tention quant \u00e0 une quelconque explication.<br \/>\nIl a \u00e9t\u00e9 cr\u00e9\u00e9 en 2003 par le fils d&rsquo;un loz\u00e8rien, berc\u00e9 d\u00e8s son enfance par ce r\u00e9cit.<br \/>\nPar passion pour cette histoire dramatique, mais aussi par amour pour cette merveilleuse r\u00e9gion qu&rsquo;est la Loz\u00e8re, ce site a \u00e9t\u00e9 ouvert.<\/strong><\/p>\n","protected":false},"excerpt":{"rendered":"<p>Ce site n&rsquo;a aucune pr\u00e9tention quant \u00e0 une quelconque explication. Il a \u00e9t\u00e9 cr\u00e9\u00e9 en 2003 par le fils d&rsquo;un loz\u00e8rien, berc\u00e9 d\u00e8s son enfance par ce r\u00e9cit. Par passion pour cette histoire dramatique, mais aussi par amour pour cette merveilleuse r\u00e9gion qu&rsquo;est la Loz\u00e8re, ce site a \u00e9t\u00e9 ouvert.<\/p>\n","protected":false},"author":3,"featured_media":0,"parent":0,"menu_order":0,"comment_status":"open","ping_status":"open","template":"","meta":{"footnotes":""},"class_list":["post-128","page","type-page","status-publish","hentry"],"_links":{"self":[{"href":"https:\/\/www.betedugevaudan.com\/blog\/wp-json\/wp\/v2\/pages\/128","targetHints":{"allow":["GET"]}}],"collection":[{"href":"https:\/\/www.betedugevaudan.com\/blog\/wp-json\/wp\/v2\/pages"}],"about":[{"href":"https:\/\/www.betedugevaudan.com\/blog\/wp-json\/wp\/v2\/types\/page"}],"author":[{"embeddable":true,"href":"https:\/\/www.betedugevaudan.com\/blog\/wp-json\/wp\/v2\/users\/3"}],"replies":[{"embeddable":true,"href":"https:\/\/www.betedugevaudan.com\/blog\/wp-json\/wp\/v2\/comments?post=128"}],"version-history":[{"count":2,"href":"https:\/\/www.betedugevaudan.com\/blog\/wp-json\/wp\/v2\/pages\/128\/revisions"}],"predecessor-version":[{"id":130,"href":"https:\/\/www.betedugevaudan.com\/blog\/wp-json\/wp\/v2\/pages\/128\/revisions\/130"}],"wp:attachment":[{"href":"https:\/\/www.betedugevaudan.com\/blog\/wp-json\/wp\/v2\/media?parent=128"}],"curies":[{"name":"wp","href":"https:\/\/api.w.org\/{rel}","templated":true}]}}